{"id":20328,"date":"2026-02-11T11:25:48","date_gmt":"2026-02-11T16:25:48","guid":{"rendered":"https:\/\/www.temptation-experience.com\/resorts\/temptation-cancun-resort\/newsletter-landing-a-esp\/"},"modified":"2026-02-13T16:35:21","modified_gmt":"2026-02-13T21:35:21","slug":"newsletter-landing-a-esp","status":"publish","type":"page","link":"https:\/\/www.temptation-experience.com\/es\/resorts\/temptation-cancun-resort\/newsletter-landing-a-esp\/","title":{"rendered":"Newsletter Landing A esp"},"content":{"rendered":"\t\t<div data-elementor-type=\"wp-page\" data-elementor-id=\"20328\" class=\"elementor elementor-20328 elementor-20252\" data-elementor-post-type=\"page\">\n\t\t\t\t<div class=\"elementor-element elementor-element-434e09c e-con-full elementor-hidden-desktop e-flex e-con e-parent\" data-id=\"434e09c\" data-element_type=\"container\" data-e-type=\"container\" data-settings=\"{&quot;background_background&quot;:&quot;classic&quot;}\">\n\t\t\t\t<\/div>\n\t\t<div class=\"elementor-element elementor-element-71abe80 e-con-full e-flex e-con e-parent\" data-id=\"71abe80\" data-element_type=\"container\" data-e-type=\"container\">\n\t\t\t\t<div class=\"elementor-element elementor-element-0943a26 elementor--h-position-center elementor--v-position-middle elementor-widget elementor-widget-slides\" data-id=\"0943a26\" data-element_type=\"widget\" data-e-type=\"widget\" data-settings=\"{&quot;navigation&quot;:&quot;none&quot;,&quot;infinite&quot;:&quot;yes&quot;,&quot;transition&quot;:&quot;slide&quot;,&quot;transition_speed&quot;:500}\" data-widget_type=\"slides.default\">\n\t\t\t\t<div class=\"elementor-widget-container\">\n\t\t\t\t\t\t\t\t\t<div class=\"elementor-swiper\">\n\t\t\t\t\t<div class=\"elementor-slides-wrapper elementor-main-swiper swiper\" role=\"region\" aria-roledescription=\"carousel\" aria-label=\"Slides\" dir=\"ltr\" data-animation=\"fadeInUp\">\n\t\t\t\t<div class=\"swiper-wrapper elementor-slides\">\n\t\t\t\t\t\t\t\t\t\t<div class=\"elementor-repeater-item-91e19a5 swiper-slide\" role=\"group\" aria-roledescription=\"slide\"><div class=\"swiper-slide-bg\" role=\"img\" aria-label=\"TCRLandingA_imagen.jpg\"><\/div><div class=\"swiper-slide-inner\" ><div class=\"swiper-slide-contents\"><\/div><\/div><\/div>\t\t\t\t<\/div>\n\t\t\t\t\t\t\t<\/div>\n\t\t\t\t<\/div>\n\t\t\t\t\t\t\t\t<\/div>\n\t\t\t\t<\/div>\n\t\t\t\t<\/div>\n\t\t<div class=\"elementor-element elementor-element-111a2f0 e-flex e-con-boxed e-con e-parent\" data-id=\"111a2f0\" data-element_type=\"container\" data-e-type=\"container\">\n\t\t\t\t\t<div class=\"e-con-inner\">\n\t\t\t\t<div class=\"elementor-element elementor-element-fd94a07 elementor-widget elementor-widget-image\" data-id=\"fd94a07\" data-element_type=\"widget\" data-e-type=\"widget\" data-widget_type=\"image.default\">\n\t\t\t\t<div class=\"elementor-widget-container\">\n\t\t\t\t\t\t\t\t\t\t\t\t\t\t\t<img fetchpriority=\"high\" decoding=\"async\" width=\"560\" height=\"227\" src=\"https:\/\/www.temptation-experience.com\/wp-content\/uploads\/2026\/02\/TCRLandingA_texto_esp.webp\" class=\"attachment-medium_large size-medium_large wp-image-20337\" alt=\"\" srcset=\"https:\/\/www.temptation-experience.com\/wp-content\/uploads\/2026\/02\/TCRLandingA_texto_esp.webp 560w, https:\/\/www.temptation-experience.com\/wp-content\/uploads\/2026\/02\/TCRLandingA_texto_esp-300x122.webp 300w\" sizes=\"(max-width: 560px) 100vw, 560px\" \/>\t\t\t\t\t\t\t\t\t\t\t\t\t\t\t<\/div>\n\t\t\t\t<\/div>\n\t\t\t\t<div class=\"elementor-element elementor-element-b47d861 elementor-widget elementor-widget-text-editor\" data-id=\"b47d861\" data-element_type=\"widget\" data-e-type=\"widget\" data-widget_type=\"text-editor.default\">\n\t\t\t\t<div class=\"elementor-widget-container\">\n\t\t\t\t\t\t\t\t\t<p><strong><span style=\"color: #000000;\">Est\u00e1s a punto de unirte a nuestra comunidad.<\/span><\/strong> <span style=\"color: #c15fc2;\"> \u00a1Haz que suceda! <\/span><\/p>\n\t\t\t\t\t\t\t\t<\/div>\n\t\t\t\t<\/div>\n\t\t\t\t<div class=\"elementor-element elementor-element-b8df6db elementor-widget elementor-widget-text-editor\" data-id=\"b8df6db\" data-element_type=\"widget\" data-e-type=\"widget\" data-widget_type=\"text-editor.default\">\n\t\t\t\t<div class=\"elementor-widget-container\">\n\t\t\t\t\t\t\t\t\t<p><strong>Un \u00faltimo paso y tu registro ser\u00e1 oficial: <\/strong><\/p>\n\t\t\t\t\t\t\t\t<\/div>\n\t\t\t\t<\/div>\n\t\t\t\t\t<\/div>\n\t\t\t\t<\/div>\n\t\t<div class=\"elementor-element elementor-element-fb7a8ff e-flex e-con-boxed e-con e-parent\" data-id=\"fb7a8ff\" data-element_type=\"container\" data-e-type=\"container\">\n\t\t\t\t\t<div class=\"e-con-inner\">\n\t\t<div class=\"elementor-element elementor-element-5af47a7 e-con-full e-flex e-con e-child\" data-id=\"5af47a7\" data-element_type=\"container\" data-e-type=\"container\">\n\t\t<div class=\"elementor-element elementor-element-b7801ac e-con-full e-flex e-con e-child\" data-id=\"b7801ac\" data-element_type=\"container\" data-e-type=\"container\">\n\t\t\t\t<div class=\"elementor-element elementor-element-a5e3368 elementor-widget__width-inherit elementor-widget elementor-widget-image\" data-id=\"a5e3368\" data-element_type=\"widget\" data-e-type=\"widget\" data-widget_type=\"image.default\">\n\t\t\t\t<div class=\"elementor-widget-container\">\n\t\t\t\t\t\t\t\t\t\t\t\t\t\t\t<img decoding=\"async\" width=\"750\" height=\"750\" src=\"https:\/\/www.temptation-experience.com\/wp-content\/uploads\/2026\/02\/TCR_iconos_landing_suscripcion_Check-your-inbox.png\" class=\"attachment-full size-full wp-image-20325\" alt=\"\" srcset=\"https:\/\/www.temptation-experience.com\/wp-content\/uploads\/2026\/02\/TCR_iconos_landing_suscripcion_Check-your-inbox.png 750w, https:\/\/www.temptation-experience.com\/wp-content\/uploads\/2026\/02\/TCR_iconos_landing_suscripcion_Check-your-inbox-300x300.png 300w, https:\/\/www.temptation-experience.com\/wp-content\/uploads\/2026\/02\/TCR_iconos_landing_suscripcion_Check-your-inbox-150x150.png 150w, https:\/\/www.temptation-experience.com\/wp-content\/uploads\/2026\/02\/TCR_iconos_landing_suscripcion_Check-your-inbox-700x700.png 700w\" sizes=\"(max-width: 750px) 100vw, 750px\" \/>\t\t\t\t\t\t\t\t\t\t\t\t\t\t\t<\/div>\n\t\t\t\t<\/div>\n\t\t\t\t<div class=\"elementor-element elementor-element-1aa7209 elementor-widget elementor-widget-text-editor\" data-id=\"1aa7209\" data-element_type=\"widget\" data-e-type=\"widget\" data-widget_type=\"text-editor.default\">\n\t\t\t\t<div class=\"elementor-widget-container\">\n\t\t\t\t\t\t\t\t\t<p style=\"text-align: center;\"><span style=\"color: #d91696;\">1.<\/span> Revisa tu bandeja de correo.<\/p>\n\t\t\t\t\t\t\t\t<\/div>\n\t\t\t\t<\/div>\n\t\t\t\t<\/div>\n\t\t<div class=\"elementor-element elementor-element-2a40b75 e-con-full e-flex e-con e-child\" data-id=\"2a40b75\" data-element_type=\"container\" data-e-type=\"container\">\n\t\t\t\t<div class=\"elementor-element elementor-element-32d9144 elementor-widget__width-inherit elementor-widget elementor-widget-image\" data-id=\"32d9144\" data-element_type=\"widget\" data-e-type=\"widget\" data-widget_type=\"image.default\">\n\t\t\t\t<div class=\"elementor-widget-container\">\n\t\t\t\t\t\t\t\t\t\t\t\t\t\t\t<img decoding=\"async\" width=\"750\" height=\"750\" src=\"https:\/\/www.temptation-experience.com\/wp-content\/uploads\/2026\/02\/TCR_iconos_landing_suscripcion_Click-the-confirmation-link.png\" class=\"attachment-full size-full wp-image-20326\" alt=\"\" srcset=\"https:\/\/www.temptation-experience.com\/wp-content\/uploads\/2026\/02\/TCR_iconos_landing_suscripcion_Click-the-confirmation-link.png 750w, https:\/\/www.temptation-experience.com\/wp-content\/uploads\/2026\/02\/TCR_iconos_landing_suscripcion_Click-the-confirmation-link-300x300.png 300w, https:\/\/www.temptation-experience.com\/wp-content\/uploads\/2026\/02\/TCR_iconos_landing_suscripcion_Click-the-confirmation-link-150x150.png 150w, https:\/\/www.temptation-experience.com\/wp-content\/uploads\/2026\/02\/TCR_iconos_landing_suscripcion_Click-the-confirmation-link-700x700.png 700w\" sizes=\"(max-width: 750px) 100vw, 750px\" \/>\t\t\t\t\t\t\t\t\t\t\t\t\t\t\t<\/div>\n\t\t\t\t<\/div>\n\t\t\t\t<div class=\"elementor-element elementor-element-2c7f5c3 elementor-widget elementor-widget-text-editor\" data-id=\"2c7f5c3\" data-element_type=\"widget\" data-e-type=\"widget\" data-widget_type=\"text-editor.default\">\n\t\t\t\t<div class=\"elementor-widget-container\">\n\t\t\t\t\t\t\t\t\t<p style=\"text-align: center;\"><span style=\"color: #d91696;\">2.<\/span> Haz clic en el link de confirmaci\u00f3n.<\/p>\t\t\t\t\t\t\t\t<\/div>\n\t\t\t\t<\/div>\n\t\t\t\t<\/div>\n\t\t<div class=\"elementor-element elementor-element-3784045 e-con-full e-flex e-con e-child\" data-id=\"3784045\" data-element_type=\"container\" data-e-type=\"container\">\n\t\t\t\t<div class=\"elementor-element elementor-element-9eda453 elementor-widget__width-inherit elementor-widget elementor-widget-image\" data-id=\"9eda453\" data-element_type=\"widget\" data-e-type=\"widget\" data-widget_type=\"image.default\">\n\t\t\t\t<div class=\"elementor-widget-container\">\n\t\t\t\t\t\t\t\t\t\t\t\t\t\t\t<img loading=\"lazy\" decoding=\"async\" width=\"750\" height=\"750\" src=\"https:\/\/www.temptation-experience.com\/wp-content\/uploads\/2026\/02\/TCR_iconos_landing_suscripcion_Receive-an-exclusive-promo-code.png\" class=\"attachment-full size-full wp-image-20327\" alt=\"\" srcset=\"https:\/\/www.temptation-experience.com\/wp-content\/uploads\/2026\/02\/TCR_iconos_landing_suscripcion_Receive-an-exclusive-promo-code.png 750w, https:\/\/www.temptation-experience.com\/wp-content\/uploads\/2026\/02\/TCR_iconos_landing_suscripcion_Receive-an-exclusive-promo-code-300x300.png 300w, https:\/\/www.temptation-experience.com\/wp-content\/uploads\/2026\/02\/TCR_iconos_landing_suscripcion_Receive-an-exclusive-promo-code-150x150.png 150w, https:\/\/www.temptation-experience.com\/wp-content\/uploads\/2026\/02\/TCR_iconos_landing_suscripcion_Receive-an-exclusive-promo-code-700x700.png 700w\" sizes=\"(max-width: 750px) 100vw, 750px\" \/>\t\t\t\t\t\t\t\t\t\t\t\t\t\t\t<\/div>\n\t\t\t\t<\/div>\n\t\t\t\t<div class=\"elementor-element elementor-element-d3cf0ca elementor-widget elementor-widget-text-editor\" data-id=\"d3cf0ca\" data-element_type=\"widget\" data-e-type=\"widget\" data-widget_type=\"text-editor.default\">\n\t\t\t\t<div class=\"elementor-widget-container\">\n\t\t\t\t\t\t\t\t\t<p style=\"text-align: center;\"><span style=\"color: #d91696;\">3.<\/span> Gracias por suscribirte.<\/p>\n\t\t\t\t\t\t\t\t<\/div>\n\t\t\t\t<\/div>\n\t\t\t\t<\/div>\n\t\t\t\t<\/div>\n\t\t\t\t\t<\/div>\n\t\t\t\t<\/div>\n\t\t<div class=\"elementor-element elementor-element-ebaf3cc e-flex e-con-boxed e-con e-parent\" data-id=\"ebaf3cc\" data-element_type=\"container\" data-e-type=\"container\">\n\t\t\t\t\t<div class=\"e-con-inner\">\n\t\t\t\t<div class=\"elementor-element elementor-element-66f6a46 elementor-widget elementor-widget-text-editor\" data-id=\"66f6a46\" data-element_type=\"widget\" data-e-type=\"widget\" data-widget_type=\"text-editor.default\">\n\t\t\t\t<div class=\"elementor-widget-container\">\n\t\t\t\t\t\t\t\t\t<p><span style=\"color: #ff009a;\">\u00a1Tu correo est\u00e1 esperando!<\/span> Confirma ahora y disfruta exclusivas promociones,<br \/>informaci\u00f3n actualizada \u00a1y sorpresas para que la diversi\u00f3n contin\u00fae!<\/p>\n<p><span style=\"color: #000000;\"><strong>Agr\u00e9ganos a tus contactos y mantente al tanto. <\/strong><\/span><\/p>\n\t\t\t\t\t\t\t\t<\/div>\n\t\t\t\t<\/div>\n\t\t\t\t\t<\/div>\n\t\t\t\t<\/div>\n\t\t\t\t<\/div>\n\t\t","protected":false},"excerpt":{"rendered":"<p>Est\u00e1s a punto de unirte a nuestra comunidad. \u00a1Haz que suceda! Un \u00faltimo paso y tu registro ser\u00e1 oficial: 1. Revisa tu bandeja de correo. 2. Haz clic en el link de confirmaci\u00f3n. 3. Gracias por suscribirte. \u00a1Tu correo est\u00e1 esperando! Confirma ahora y disfruta exclusivas promociones,informaci\u00f3n actualizada \u00a1y sorpresas para que la diversi\u00f3n contin\u00fae! [&hellip;]<\/p>\n","protected":false},"author":3,"featured_media":0,"parent":2044,"menu_order":0,"comment_status":"closed","ping_status":"closed","template":"","meta":{"_acf_changed":false,"site-sidebar-layout":"no-sidebar","site-content-layout":"page-builder","ast-site-content-layout":"full-width-container","site-content-style":"default","site-sidebar-style":"default","ast-global-header-display":"","ast-banner-title-visibility":"","ast-main-header-display":"","ast-hfb-above-header-display":"","ast-hfb-below-header-display":"","ast-hfb-mobile-header-display":"","site-post-title":"disabled","ast-breadcrumbs-content":"","ast-featured-img":"disabled","footer-sml-layout":"","ast-disable-related-posts":"","theme-transparent-header-meta":"","adv-header-id-meta":"","stick-header-meta":"","header-above-stick-meta":"","header-main-stick-meta":"","header-below-stick-meta":"","astra-migrate-meta-layouts":"default","ast-page-background-enabled":"default","ast-page-background-meta":{"desktop":{"background-color":"var(--ast-global-color-4)","background-image":"","background-repeat":"repeat","background-position":"center center","background-size":"auto","background-attachment":"scroll","background-type":"","background-media":"","overlay-type":"","overlay-color":"","overlay-opacity":"","overlay-gradient":""},"tablet":{"background-color":"","background-image":"","background-repeat":"repeat","background-position":"center center","background-size":"auto","background-attachment":"scroll","background-type":"","background-media":"","overlay-type":"","overlay-color":"","overlay-opacity":"","overlay-gradient":""},"mobile":{"background-color":"","background-image":"","background-repeat":"repeat","background-position":"center center","background-size":"auto","background-attachment":"scroll","background-type":"","background-media":"","overlay-type":"","overlay-color":"","overlay-opacity":"","overlay-gradient":""}},"ast-content-background-meta":{"desktop":{"background-color":"var(--ast-global-color-5)","background-image":"","background-repeat":"repeat","background-position":"center center","background-size":"auto","background-attachment":"scroll","background-type":"","background-media":"","overlay-type":"","overlay-color":"","overlay-opacity":"","overlay-gradient":""},"tablet":{"background-color":"var(--ast-global-color-5)","background-image":"","background-repeat":"repeat","background-position":"center center","background-size":"auto","background-attachment":"scroll","background-type":"","background-media":"","overlay-type":"","overlay-color":"","overlay-opacity":"","overlay-gradient":""},"mobile":{"background-color":"var(--ast-global-color-5)","background-image":"","background-repeat":"repeat","background-position":"center center","background-size":"auto","background-attachment":"scroll","background-type":"","background-media":"","overlay-type":"","overlay-color":"","overlay-opacity":"","overlay-gradient":""}},"footnotes":""},"categories":[85],"class_list":["post-20328","page","type-page","status-publish","hentry","category-temptation-corp-esp"],"acf":[],"publishpress_future_action":{"enabled":false,"date":"2026-04-16 04:02:43","action":"change-status","newStatus":"draft","terms":[],"taxonomy":"category","extraData":[]},"publishpress_future_workflow_manual_trigger":{"enabledWorkflows":[]},"_links":{"self":[{"href":"https:\/\/www.temptation-experience.com\/es\/wp-json\/wp\/v2\/pages\/20328","targetHints":{"allow":["GET"]}}],"collection":[{"href":"https:\/\/www.temptation-experience.com\/es\/wp-json\/wp\/v2\/pages"}],"about":[{"href":"https:\/\/www.temptation-experience.com\/es\/wp-json\/wp\/v2\/types\/page"}],"author":[{"embeddable":true,"href":"https:\/\/www.temptation-experience.com\/es\/wp-json\/wp\/v2\/users\/3"}],"replies":[{"embeddable":true,"href":"https:\/\/www.temptation-experience.com\/es\/wp-json\/wp\/v2\/comments?post=20328"}],"version-history":[{"count":0,"href":"https:\/\/www.temptation-experience.com\/es\/wp-json\/wp\/v2\/pages\/20328\/revisions"}],"up":[{"embeddable":true,"href":"https:\/\/www.temptation-experience.com\/es\/wp-json\/wp\/v2\/pages\/2044"}],"wp:attachment":[{"href":"https:\/\/www.temptation-experience.com\/es\/wp-json\/wp\/v2\/media?parent=20328"}],"wp:term":[{"taxonomy":"category","embeddable":true,"href":"https:\/\/www.temptation-experience.com\/es\/wp-json\/wp\/v2\/categories?post=20328"}],"curies":[{"name":"wp","href":"https:\/\/api.w.org\/{rel}","templated":true}]}}